{"id":95,"date":"2024-02-21T13:30:55","date_gmt":"2024-02-21T13:30:55","guid":{"rendered":"https:\/\/julies-tonkanesen.de\/?page_id=95"},"modified":"2024-09-19T03:52:33","modified_gmt":"2024-09-19T03:52:33","slug":"unser-anliegen","status":"publish","type":"page","link":"https:\/\/julies-tonkanesen.de\/?page_id=95","title":{"rendered":"unser Anliegen"},"content":{"rendered":"\n<p>&#8230; ist es zum Erhalt und Aufbau der sehr seltenen Katzenrasse Tonkanesen beizutragen.<\/p>\n\n\n\n<p>Unser Zuchtziel ist es kr\u00e4ftige, und gleichzeitig elegante Tonkanesen im moderaten europ\u00e4ischen Typ zu ziehen.<\/p>\n\n\n\n<p>Kitten, die unsere Cattery verlassen sind in der Gruppe sozialisiert, gechippt, vollst\u00e4ndig RCP geimpft, mehrfach entwurmt, erhalten den internationalen Impfausweis, ein tier\u00e4rztliches Gesundheitszeugnis sowie ihr Care-Paket.<\/p>\n\n\n\n<p>Ahnentafeln werden von unserem Verein &#8220;Katzenfreunde Norddeutschland&#8221; ausgestellt.<\/p>\n","protected":false},"excerpt":{"rendered":"<p>&#8230; ist es zum Erhalt und Aufbau der sehr seltenen Katzenrasse Tonkanesen beizutragen. Unser Zuchtziel ist es kr\u00e4ftige, und gleichzeitig elegante Tonkanesen im moderaten europ\u00e4ischen Typ zu ziehen. Kitten, die unsere Cattery verlassen sind in der Gruppe sozialisiert, gechippt, vollst\u00e4ndig RCP geimpft, mehrfach entwurmt, erhalten den internationalen Impfausweis, ein tier\u00e4rztliches Gesundheitszeugnis sowie ihr Care-Paket. Ahnentafeln [&hellip;]<\/p>\n","protected":false},"author":1,"featured_media":0,"parent":0,"menu_order":0,"comment_status":"closed","ping_status":"closed","template":"","meta":{"footnotes":""},"class_list":["post-95","page","type-page","status-publish","hentry"],"yoast_head":"<!-- This site is optimized with the Yoast SEO plugin v27.5 - https:\/\/yoast.com\/product\/yoast-seo-wordpress\/ -->\n<title>unser Anliegen - Julies Tonkanesen<\/title>\n<meta name=\"description\" content=\"Julies Tonkanesen\" \/>\n<meta name=\"robots\" content=\"index, follow, max-snippet:-1, max-image-preview:large, max-video-preview:-1\" \/>\n<link rel=\"canonical\" href=\"https:\/\/julies-tonkanesen.de\/?page_id=95\" \/>\n<meta property=\"og:locale\" content=\"de_DE\" \/>\n<meta property=\"og:type\" content=\"article\" \/>\n<meta property=\"og:title\" content=\"unser Anliegen - Julies Tonkanesen\" \/>\n<meta property=\"og:description\" content=\"Julies Tonkanesen\" \/>\n<meta property=\"og:url\" content=\"https:\/\/julies-tonkanesen.de\/?page_id=95\" \/>\n<meta property=\"og:site_name\" content=\"Julies Tonkanesen\" \/>\n<meta property=\"article:modified_time\" content=\"2024-09-19T03:52:33+00:00\" \/>\n<meta property=\"og:image\" content=\"https:\/\/julies-tonkanesen.de\/wp-content\/uploads\/2024\/03\/cropped-7.jpg\" \/>\n\t<meta property=\"og:image:width\" content=\"512\" \/>\n\t<meta property=\"og:image:height\" content=\"512\" \/>\n\t<meta property=\"og:image:type\" content=\"image\/jpeg\" \/>\n<meta name=\"twitter:card\" content=\"summary_large_image\" \/>\n<meta name=\"twitter:site\" content=\"@Tonkanesen\" \/>\n<meta name=\"twitter:label1\" content=\"Gesch\u00e4tzte Lesezeit\" \/>\n\t<meta name=\"twitter:data1\" content=\"1\u00a0Minute\" \/>\n<script type=\"application\/ld+json\" class=\"yoast-schema-graph\">{\"@context\":\"https:\\\/\\\/schema.org\",\"@graph\":[{\"@type\":\"WebPage\",\"@id\":\"https:\\\/\\\/julies-tonkanesen.de\\\/?page_id=95\",\"url\":\"https:\\\/\\\/julies-tonkanesen.de\\\/?page_id=95\",\"name\":\"unser Anliegen - Julies Tonkanesen\",\"isPartOf\":{\"@id\":\"https:\\\/\\\/julies-tonkanesen.de\\\/#website\"},\"datePublished\":\"2024-02-21T13:30:55+00:00\",\"dateModified\":\"2024-09-19T03:52:33+00:00\",\"description\":\"Julies Tonkanesen\",\"breadcrumb\":{\"@id\":\"https:\\\/\\\/julies-tonkanesen.de\\\/?page_id=95#breadcrumb\"},\"inLanguage\":\"de\",\"potentialAction\":[{\"@type\":\"ReadAction\",\"target\":[\"https:\\\/\\\/julies-tonkanesen.de\\\/?page_id=95\"]}]},{\"@type\":\"BreadcrumbList\",\"@id\":\"https:\\\/\\\/julies-tonkanesen.de\\\/?page_id=95#breadcrumb\",\"itemListElement\":[{\"@type\":\"ListItem\",\"position\":1,\"name\":\"Startseite\",\"item\":\"https:\\\/\\\/julies-tonkanesen.de\\\/\"},{\"@type\":\"ListItem\",\"position\":2,\"name\":\"unser Anliegen\"}]},{\"@type\":\"WebSite\",\"@id\":\"https:\\\/\\\/julies-tonkanesen.de\\\/#website\",\"url\":\"https:\\\/\\\/julies-tonkanesen.de\\\/\",\"name\":\"Julies-Tonkanesen\",\"description\":\"Katzenzucht\",\"publisher\":{\"@id\":\"https:\\\/\\\/julies-tonkanesen.de\\\/#\\\/schema\\\/person\\\/61bb356f7cca6b52cd1ba45ea9f74ac0\"},\"alternateName\":\"Zucht\",\"potentialAction\":[{\"@type\":\"SearchAction\",\"target\":{\"@type\":\"EntryPoint\",\"urlTemplate\":\"https:\\\/\\\/julies-tonkanesen.de\\\/?s={search_term_string}\"},\"query-input\":{\"@type\":\"PropertyValueSpecification\",\"valueRequired\":true,\"valueName\":\"search_term_string\"}}],\"inLanguage\":\"de\"},{\"@type\":[\"Person\",\"Organization\"],\"@id\":\"https:\\\/\\\/julies-tonkanesen.de\\\/#\\\/schema\\\/person\\\/61bb356f7cca6b52cd1ba45ea9f74ac0\",\"name\":\"Sagitta\",\"image\":{\"@type\":\"ImageObject\",\"inLanguage\":\"de\",\"@id\":\"https:\\\/\\\/julies-tonkanesen.de\\\/wp-content\\\/uploads\\\/2024\\\/02\\\/IMG-20230801-WA00073.jpg\",\"url\":\"https:\\\/\\\/julies-tonkanesen.de\\\/wp-content\\\/uploads\\\/2024\\\/02\\\/IMG-20230801-WA00073.jpg\",\"contentUrl\":\"https:\\\/\\\/julies-tonkanesen.de\\\/wp-content\\\/uploads\\\/2024\\\/02\\\/IMG-20230801-WA00073.jpg\",\"width\":1525,\"height\":1488,\"caption\":\"Sagitta\"},\"logo\":{\"@id\":\"https:\\\/\\\/julies-tonkanesen.de\\\/wp-content\\\/uploads\\\/2024\\\/02\\\/IMG-20230801-WA00073.jpg\"},\"sameAs\":[\"https:\\\/\\\/julies-tonkanesen.de\",\"https:\\\/\\\/www.instagram.com\\\/notre_julie\\\/\",\"https:\\\/\\\/x.com\\\/Julie's Tonkanesen\"]}]}<\/script>\n<!-- \/ Yoast SEO plugin. -->","yoast_head_json":{"title":"unser Anliegen - Julies Tonkanesen","description":"Julies Tonkanesen","robots":{"index":"index","follow":"follow","max-snippet":"max-snippet:-1","max-image-preview":"max-image-preview:large","max-video-preview":"max-video-preview:-1"},"canonical":"https:\/\/julies-tonkanesen.de\/?page_id=95","og_locale":"de_DE","og_type":"article","og_title":"unser Anliegen - Julies Tonkanesen","og_description":"Julies Tonkanesen","og_url":"https:\/\/julies-tonkanesen.de\/?page_id=95","og_site_name":"Julies Tonkanesen","article_modified_time":"2024-09-19T03:52:33+00:00","og_image":[{"width":512,"height":512,"url":"https:\/\/julies-tonkanesen.de\/wp-content\/uploads\/2024\/03\/cropped-7.jpg","type":"image\/jpeg"}],"twitter_card":"summary_large_image","twitter_site":"@Tonkanesen","twitter_misc":{"Gesch\u00e4tzte Lesezeit":"1\u00a0Minute"},"schema":{"@context":"https:\/\/schema.org","@graph":[{"@type":"WebPage","@id":"https:\/\/julies-tonkanesen.de\/?page_id=95","url":"https:\/\/julies-tonkanesen.de\/?page_id=95","name":"unser Anliegen - Julies Tonkanesen","isPartOf":{"@id":"https:\/\/julies-tonkanesen.de\/#website"},"datePublished":"2024-02-21T13:30:55+00:00","dateModified":"2024-09-19T03:52:33+00:00","description":"Julies Tonkanesen","breadcrumb":{"@id":"https:\/\/julies-tonkanesen.de\/?page_id=95#breadcrumb"},"inLanguage":"de","potentialAction":[{"@type":"ReadAction","target":["https:\/\/julies-tonkanesen.de\/?page_id=95"]}]},{"@type":"BreadcrumbList","@id":"https:\/\/julies-tonkanesen.de\/?page_id=95#breadcrumb","itemListElement":[{"@type":"ListItem","position":1,"name":"Startseite","item":"https:\/\/julies-tonkanesen.de\/"},{"@type":"ListItem","position":2,"name":"unser Anliegen"}]},{"@type":"WebSite","@id":"https:\/\/julies-tonkanesen.de\/#website","url":"https:\/\/julies-tonkanesen.de\/","name":"Julies-Tonkanesen","description":"Katzenzucht","publisher":{"@id":"https:\/\/julies-tonkanesen.de\/#\/schema\/person\/61bb356f7cca6b52cd1ba45ea9f74ac0"},"alternateName":"Zucht","potentialAction":[{"@type":"SearchAction","target":{"@type":"EntryPoint","urlTemplate":"https:\/\/julies-tonkanesen.de\/?s={search_term_string}"},"query-input":{"@type":"PropertyValueSpecification","valueRequired":true,"valueName":"search_term_string"}}],"inLanguage":"de"},{"@type":["Person","Organization"],"@id":"https:\/\/julies-tonkanesen.de\/#\/schema\/person\/61bb356f7cca6b52cd1ba45ea9f74ac0","name":"Sagitta","image":{"@type":"ImageObject","inLanguage":"de","@id":"https:\/\/julies-tonkanesen.de\/wp-content\/uploads\/2024\/02\/IMG-20230801-WA00073.jpg","url":"https:\/\/julies-tonkanesen.de\/wp-content\/uploads\/2024\/02\/IMG-20230801-WA00073.jpg","contentUrl":"https:\/\/julies-tonkanesen.de\/wp-content\/uploads\/2024\/02\/IMG-20230801-WA00073.jpg","width":1525,"height":1488,"caption":"Sagitta"},"logo":{"@id":"https:\/\/julies-tonkanesen.de\/wp-content\/uploads\/2024\/02\/IMG-20230801-WA00073.jpg"},"sameAs":["https:\/\/julies-tonkanesen.de","https:\/\/www.instagram.com\/notre_julie\/","https:\/\/x.com\/Julie's Tonkanesen"]}]}},"_links":{"self":[{"href":"https:\/\/julies-tonkanesen.de\/index.php?rest_route=\/wp\/v2\/pages\/95","targetHints":{"allow":["GET"]}}],"collection":[{"href":"https:\/\/julies-tonkanesen.de\/index.php?rest_route=\/wp\/v2\/pages"}],"about":[{"href":"https:\/\/julies-tonkanesen.de\/index.php?rest_route=\/wp\/v2\/types\/page"}],"author":[{"embeddable":true,"href":"https:\/\/julies-tonkanesen.de\/index.php?rest_route=\/wp\/v2\/users\/1"}],"replies":[{"embeddable":true,"href":"https:\/\/julies-tonkanesen.de\/index.php?rest_route=%2Fwp%2Fv2%2Fcomments&post=95"}],"version-history":[{"count":7,"href":"https:\/\/julies-tonkanesen.de\/index.php?rest_route=\/wp\/v2\/pages\/95\/revisions"}],"predecessor-version":[{"id":279,"href":"https:\/\/julies-tonkanesen.de\/index.php?rest_route=\/wp\/v2\/pages\/95\/revisions\/279"}],"wp:attachment":[{"href":"https:\/\/julies-tonkanesen.de\/index.php?rest_route=%2Fwp%2Fv2%2Fmedia&parent=95"}],"curies":[{"name":"wp","href":"https:\/\/api.w.org\/{rel}","templated":true}]}}