{"id":86,"date":"2024-02-20T18:19:24","date_gmt":"2024-02-20T18:19:24","guid":{"rendered":"https:\/\/julies-tonkanesen.de\/?page_id=86"},"modified":"2026-01-30T13:35:00","modified_gmt":"2026-01-30T13:35:00","slug":"kitten","status":"publish","type":"page","link":"https:\/\/julies-tonkanesen.de\/?page_id=86","title":{"rendered":"Abzugeben &#8211; Kitten"},"content":{"rendered":"\n<p>wir begr\u00fc\u00dfen unseren H-Wurf (4. Generation)<\/p>\n\n\n\n<p>*27. September 2025<\/p>\n\n\n\n<p>Mutter: internationaler Champion Umme von Lenn\u00e9<br>Vater: Filou de notre Julie<\/p>\n\n\n\n<div class=\"wp-block-columns is-layout-flex wp-container-core-columns-is-layout-28f84493 wp-block-columns-is-layout-flex\">\n<div class=\"wp-block-column is-layout-flow wp-block-column-is-layout-flow\">\n<figure class=\"wp-block-image size-large\"><img loading=\"lazy\" decoding=\"async\" width=\"768\" height=\"1024\" src=\"https:\/\/julies-tonkanesen.de\/wp-content\/uploads\/2024\/02\/IMG_20240214_0924555-768x1024.jpg\" alt=\"\" class=\"wp-image-112\" srcset=\"https:\/\/julies-tonkanesen.de\/wp-content\/uploads\/2024\/02\/IMG_20240214_0924555-768x1024.jpg 768w, https:\/\/julies-tonkanesen.de\/wp-content\/uploads\/2024\/02\/IMG_20240214_0924555-225x300.jpg 225w, https:\/\/julies-tonkanesen.de\/wp-content\/uploads\/2024\/02\/IMG_20240214_0924555-1152x1536.jpg 1152w, https:\/\/julies-tonkanesen.de\/wp-content\/uploads\/2024\/02\/IMG_20240214_0924555-1536x2048.jpg 1536w, https:\/\/julies-tonkanesen.de\/wp-content\/uploads\/2024\/02\/IMG_20240214_0924555-scaled.jpg 1920w\" sizes=\"auto, (max-width: 768px) 100vw, 768px\" \/><figcaption class=\"wp-element-caption\">Int. Ch. Umme von Lenn\u00e9 &#8211; choclate tabby mink<\/figcaption><\/figure>\n<\/div>\n\n\n\n<div class=\"wp-block-column is-layout-flow wp-block-column-is-layout-flow\">\n<figure class=\"wp-block-image size-large is-resized\"><img loading=\"lazy\" decoding=\"async\" width=\"683\" height=\"1024\" src=\"https:\/\/julies-tonkanesen.de\/wp-content\/uploads\/2024\/03\/1786-Kopie-683x1024.jpg\" alt=\"\" class=\"wp-image-174\" style=\"width:317px;height:auto\" srcset=\"https:\/\/julies-tonkanesen.de\/wp-content\/uploads\/2024\/03\/1786-Kopie-683x1024.jpg 683w, https:\/\/julies-tonkanesen.de\/wp-content\/uploads\/2024\/03\/1786-Kopie-200x300.jpg 200w, https:\/\/julies-tonkanesen.de\/wp-content\/uploads\/2024\/03\/1786-Kopie-768x1152.jpg 768w, https:\/\/julies-tonkanesen.de\/wp-content\/uploads\/2024\/03\/1786-Kopie-1024x1536.jpg 1024w, https:\/\/julies-tonkanesen.de\/wp-content\/uploads\/2024\/03\/1786-Kopie-1365x2048.jpg 1365w, https:\/\/julies-tonkanesen.de\/wp-content\/uploads\/2024\/03\/1786-Kopie-scaled.jpg 1707w\" sizes=\"auto, (max-width: 683px) 100vw, 683px\" \/><figcaption class=\"wp-element-caption\">Filou de norte Juli &#8211; blue mink<\/figcaption><\/figure>\n<\/div>\n<\/div>\n\n\n\n<div class=\"wp-block-columns is-layout-flex wp-container-core-columns-is-layout-28f84493 wp-block-columns-is-layout-flex\">\n<div class=\"wp-block-column is-layout-flow wp-block-column-is-layout-flow\">\n<p>F\u00fcr Hannes (blue tabby mink, mit aquamarinfarbenden Augen) suchen wir noch nach einem Zuhause in dem bereits eine Katze lebt, die es wie er liebt ausgiebig miteinander zu kuscheln und herumzutollen. &#8211; RESERVIERT<\/p>\n\n\n\n<p><\/p>\n<\/div>\n<\/div>\n\n\n\n<div class=\"wp-block-columns is-layout-flex wp-container-core-columns-is-layout-28f84493 wp-block-columns-is-layout-flex\">\n<div class=\"wp-block-column is-layout-flow wp-block-column-is-layout-flow\">\n<figure class=\"wp-block-image size-large\"><img loading=\"lazy\" decoding=\"async\" width=\"851\" height=\"1024\" src=\"https:\/\/julies-tonkanesen.de\/wp-content\/uploads\/2026\/01\/20260122_160906-851x1024.jpg\" alt=\"\" class=\"wp-image-344\" srcset=\"https:\/\/julies-tonkanesen.de\/wp-content\/uploads\/2026\/01\/20260122_160906-851x1024.jpg 851w, https:\/\/julies-tonkanesen.de\/wp-content\/uploads\/2026\/01\/20260122_160906-249x300.jpg 249w, https:\/\/julies-tonkanesen.de\/wp-content\/uploads\/2026\/01\/20260122_160906-768x925.jpg 768w, https:\/\/julies-tonkanesen.de\/wp-content\/uploads\/2026\/01\/20260122_160906-1276x1536.jpg 1276w, https:\/\/julies-tonkanesen.de\/wp-content\/uploads\/2026\/01\/20260122_160906-1701x2048.jpg 1701w\" sizes=\"auto, (max-width: 851px) 100vw, 851px\" \/><\/figure>\n<\/div>\n\n\n\n<div class=\"wp-block-column is-layout-flow wp-block-column-is-layout-flow\">\n<figure class=\"wp-block-image size-large\"><img loading=\"lazy\" decoding=\"async\" width=\"1024\" height=\"912\" src=\"https:\/\/julies-tonkanesen.de\/wp-content\/uploads\/2026\/01\/20260122_160904-1024x912.jpg\" alt=\"\" class=\"wp-image-347\" srcset=\"https:\/\/julies-tonkanesen.de\/wp-content\/uploads\/2026\/01\/20260122_160904-1024x912.jpg 1024w, https:\/\/julies-tonkanesen.de\/wp-content\/uploads\/2026\/01\/20260122_160904-300x267.jpg 300w, https:\/\/julies-tonkanesen.de\/wp-content\/uploads\/2026\/01\/20260122_160904-768x684.jpg 768w, https:\/\/julies-tonkanesen.de\/wp-content\/uploads\/2026\/01\/20260122_160904-1536x1368.jpg 1536w, https:\/\/julies-tonkanesen.de\/wp-content\/uploads\/2026\/01\/20260122_160904-2048x1824.jpg 2048w\" sizes=\"auto, (max-width: 1024px) 100vw, 1024px\" \/><\/figure>\n<\/div>\n<\/div>\n\n\n\n<div class=\"wp-block-columns is-layout-flex wp-container-core-columns-is-layout-28f84493 wp-block-columns-is-layout-flex\">\n<div class=\"wp-block-column is-layout-flow wp-block-column-is-layout-flow\">\n<p>Unsere Kitten sind bei Abgabe geschippt, 2-fach geimpft, mehrfach entwurmt, gut sozialisiert, mit EU-Pass und haben ein tier\u00e4rztliches Gesundheitszeugnis und ihre Ahnentafel (Nachweis, dass es sich nicht um Inzucht handelt) ausgestellt bekommen. Die Elterntiere sind im Vorfeld genetisch getestet, um ausschlie\u00dfen zu k\u00f6nnen, dass die Kitten die vererbbare progressive Retina Atrophie bekommen.<\/p>\n\n\n\n<p><\/p>\n<\/div>\n<\/div>\n\n\n\n<figure class=\"wp-block-image size-large\"><img loading=\"lazy\" decoding=\"async\" width=\"768\" height=\"1024\" src=\"https:\/\/julies-tonkanesen.de\/wp-content\/uploads\/2026\/01\/20260125_144514-768x1024.jpg\" alt=\"\" class=\"wp-image-346\" srcset=\"https:\/\/julies-tonkanesen.de\/wp-content\/uploads\/2026\/01\/20260125_144514-768x1024.jpg 768w, https:\/\/julies-tonkanesen.de\/wp-content\/uploads\/2026\/01\/20260125_144514-225x300.jpg 225w, https:\/\/julies-tonkanesen.de\/wp-content\/uploads\/2026\/01\/20260125_144514-1152x1536.jpg 1152w, https:\/\/julies-tonkanesen.de\/wp-content\/uploads\/2026\/01\/20260125_144514-1536x2048.jpg 1536w, https:\/\/julies-tonkanesen.de\/wp-content\/uploads\/2026\/01\/20260125_144514-scaled.jpg 1920w\" sizes=\"auto, (max-width: 768px) 100vw, 768px\" \/><\/figure>\n\n\n\n<div class=\"wp-block-columns is-layout-flex wp-container-core-columns-is-layout-28f84493 wp-block-columns-is-layout-flex\"><\/div>\n\n\n\n<h1 class=\"wp-block-heading\"><br>Abzugeben SOS &#8211; reserviert<\/h1>\n\n\n\n<p id=\"block-d4b47b75-48fe-4997-9736-e9bc36d5ea43\">Leider erreichte uns folgende Nachricht:<\/p>\n\n\n\n<p><em>&#8220;Nachdem Hedda und Filou in unsere Familie eingezogen sind mussten wir nach dem ersten Kennenlernen leider feststellen, dass unsere Tochter allergisch auf die beiden reagiert. Jetzt m\u00fcssen wir uns schweren Herzens wieder von den beiden trennen und suchen eine neue Familie, in der die beiden es gut haben und endlich in einem dauerhaftem und liebevollen Zuhause ankommen k\u00f6nnen.<\/em><\/p>\n\n\n\n<p><em>Die Zwei sind total verschmust und lieben es, auf dem Sofa, beim Fernsehen oder im Bett zu kuscheln. Andererseits haben Sie auch kein Problem, den Vormittag gemeinsam zu verschlafen, bis die restliche Familie wieder aus Arbeit und Schule Zuhause ist.<\/em><\/p>\n\n\n\n<p><em>Sie sind \u00e4u\u00dferst umg\u00e4nglich und unkompliziert, sind ausnahmslos stubenrein und bei der Futterauswahl maximal flexibel. Da Filou Heddas Papa ist \u00fcbernimmt er neben Spiel und Fellpflege beim Sohnemann bei bedarf, mit gro\u00dfer Geduld, aber auch konsequent die Erziehung. Die beiden lieben sich unglaublich und bleiben daher nat\u00fcrlich auch zusammen.&#8221;<\/em><\/p>\n\n\n\n<p id=\"block-e892b7c3-28a0-4b2f-8bf3-1135c465bd30\"><\/p>\n\n\n\n<p><\/p>\n\n\n\n<figure class=\"wp-block-image size-large\"><img loading=\"lazy\" decoding=\"async\" width=\"1024\" height=\"768\" src=\"https:\/\/julies-tonkanesen.de\/wp-content\/uploads\/2025\/11\/Hedda-1024x768.jpg\" alt=\"\" class=\"wp-image-312\" srcset=\"https:\/\/julies-tonkanesen.de\/wp-content\/uploads\/2025\/11\/Hedda-1024x768.jpg 1024w, https:\/\/julies-tonkanesen.de\/wp-content\/uploads\/2025\/11\/Hedda-300x225.jpg 300w, https:\/\/julies-tonkanesen.de\/wp-content\/uploads\/2025\/11\/Hedda-768x576.jpg 768w, https:\/\/julies-tonkanesen.de\/wp-content\/uploads\/2025\/11\/Hedda-1536x1152.jpg 1536w, https:\/\/julies-tonkanesen.de\/wp-content\/uploads\/2025\/11\/Hedda-2048x1536.jpg 2048w\" sizes=\"auto, (max-width: 1024px) 100vw, 1024px\" \/><figcaption class=\"wp-element-caption\">Hedda &#8211; blue tabby mink<\/figcaption><\/figure>\n\n\n\n<p>Bei Interesse an Filou, Hedda, Hannes, oder Fragen zu unserer Zucht steht das Kontaktformular zur Verf\u00fcgung &#8211; BITTE auch Tel. Nr. mit angeben.<\/p>\n\n\n\n<p><\/p>\n","protected":false},"excerpt":{"rendered":"<p>wir begr\u00fc\u00dfen unseren H-Wurf (4. Generation) *27. September 2025 Mutter: internationaler Champion Umme von Lenn\u00e9Vater: Filou de notre Julie F\u00fcr Hannes (blue tabby mink, mit aquamarinfarbenden Augen) suchen wir noch nach einem Zuhause in dem bereits eine Katze lebt, die es wie er liebt ausgiebig miteinander zu kuscheln und herumzutollen. &#8211; RESERVIERT Unsere Kitten sind [&hellip;]<\/p>\n","protected":false},"author":1,"featured_media":0,"parent":0,"menu_order":0,"comment_status":"closed","ping_status":"closed","template":"","meta":{"footnotes":""},"class_list":["post-86","page","type-page","status-publish","hentry"],"yoast_head":"<!-- This site is optimized with the Yoast SEO plugin v27.4 - https:\/\/yoast.com\/product\/yoast-seo-wordpress\/ -->\n<title>Abzugeben - Kitten - Julies Tonkanesen<\/title>\n<meta name=\"description\" content=\"Julies Tonkanesen die bezaubernden Kitten sind da, liebevolles Zuhause, zum Auszug bereit Ende Mai, 2 Katerchen noch frei\" \/>\n<meta name=\"robots\" content=\"index, follow, max-snippet:-1, max-image-preview:large, max-video-preview:-1\" \/>\n<link rel=\"canonical\" href=\"https:\/\/julies-tonkanesen.de\/?page_id=86\" \/>\n<meta property=\"og:locale\" content=\"de_DE\" \/>\n<meta property=\"og:type\" content=\"article\" \/>\n<meta property=\"og:title\" content=\"Abzugeben - Kitten - Julies Tonkanesen\" \/>\n<meta property=\"og:description\" content=\"Julies Tonkanesen die bezaubernden Kitten sind da, liebevolles Zuhause, zum Auszug bereit Ende Mai, 2 Katerchen noch frei\" \/>\n<meta property=\"og:url\" content=\"https:\/\/julies-tonkanesen.de\/?page_id=86\" \/>\n<meta property=\"og:site_name\" content=\"Julies Tonkanesen\" \/>\n<meta property=\"article:modified_time\" content=\"2026-01-30T13:35:00+00:00\" \/>\n<meta property=\"og:image\" content=\"https:\/\/julies-tonkanesen.de\/wp-content\/uploads\/2024\/02\/IMG_20240214_0924555-scaled.jpg\" \/>\n\t<meta property=\"og:image:width\" content=\"1920\" \/>\n\t<meta property=\"og:image:height\" content=\"2560\" \/>\n\t<meta property=\"og:image:type\" content=\"image\/jpeg\" \/>\n<meta name=\"twitter:card\" content=\"summary_large_image\" \/>\n<meta name=\"twitter:site\" content=\"@Tonkanesen\" \/>\n<meta name=\"twitter:label1\" content=\"Gesch\u00e4tzte Lesezeit\" \/>\n\t<meta name=\"twitter:data1\" content=\"3\u00a0Minuten\" \/>\n<script type=\"application\/ld+json\" class=\"yoast-schema-graph\">{\"@context\":\"https:\\\/\\\/schema.org\",\"@graph\":[{\"@type\":\"WebPage\",\"@id\":\"https:\\\/\\\/julies-tonkanesen.de\\\/?page_id=86\",\"url\":\"https:\\\/\\\/julies-tonkanesen.de\\\/?page_id=86\",\"name\":\"Abzugeben - Kitten - Julies Tonkanesen\",\"isPartOf\":{\"@id\":\"https:\\\/\\\/julies-tonkanesen.de\\\/#website\"},\"primaryImageOfPage\":{\"@id\":\"https:\\\/\\\/julies-tonkanesen.de\\\/?page_id=86#primaryimage\"},\"image\":{\"@id\":\"https:\\\/\\\/julies-tonkanesen.de\\\/?page_id=86#primaryimage\"},\"thumbnailUrl\":\"https:\\\/\\\/julies-tonkanesen.de\\\/wp-content\\\/uploads\\\/2024\\\/02\\\/IMG_20240214_0924555-768x1024.jpg\",\"datePublished\":\"2024-02-20T18:19:24+00:00\",\"dateModified\":\"2026-01-30T13:35:00+00:00\",\"description\":\"Julies Tonkanesen die bezaubernden Kitten sind da, liebevolles Zuhause, zum Auszug bereit Ende Mai, 2 Katerchen noch frei\",\"breadcrumb\":{\"@id\":\"https:\\\/\\\/julies-tonkanesen.de\\\/?page_id=86#breadcrumb\"},\"inLanguage\":\"de\",\"potentialAction\":[{\"@type\":\"ReadAction\",\"target\":[\"https:\\\/\\\/julies-tonkanesen.de\\\/?page_id=86\"]}]},{\"@type\":\"ImageObject\",\"inLanguage\":\"de\",\"@id\":\"https:\\\/\\\/julies-tonkanesen.de\\\/?page_id=86#primaryimage\",\"url\":\"https:\\\/\\\/julies-tonkanesen.de\\\/wp-content\\\/uploads\\\/2024\\\/02\\\/IMG_20240214_0924555-scaled.jpg\",\"contentUrl\":\"https:\\\/\\\/julies-tonkanesen.de\\\/wp-content\\\/uploads\\\/2024\\\/02\\\/IMG_20240214_0924555-scaled.jpg\",\"width\":1920,\"height\":2560,\"caption\":\"Umme von Len\u00e9\"},{\"@type\":\"BreadcrumbList\",\"@id\":\"https:\\\/\\\/julies-tonkanesen.de\\\/?page_id=86#breadcrumb\",\"itemListElement\":[{\"@type\":\"ListItem\",\"position\":1,\"name\":\"Startseite\",\"item\":\"https:\\\/\\\/julies-tonkanesen.de\\\/\"},{\"@type\":\"ListItem\",\"position\":2,\"name\":\"Abzugeben &#8211; Kitten\"}]},{\"@type\":\"WebSite\",\"@id\":\"https:\\\/\\\/julies-tonkanesen.de\\\/#website\",\"url\":\"https:\\\/\\\/julies-tonkanesen.de\\\/\",\"name\":\"Julies-Tonkanesen\",\"description\":\"Katzenzucht\",\"publisher\":{\"@id\":\"https:\\\/\\\/julies-tonkanesen.de\\\/#\\\/schema\\\/person\\\/61bb356f7cca6b52cd1ba45ea9f74ac0\"},\"alternateName\":\"Zucht\",\"potentialAction\":[{\"@type\":\"SearchAction\",\"target\":{\"@type\":\"EntryPoint\",\"urlTemplate\":\"https:\\\/\\\/julies-tonkanesen.de\\\/?s={search_term_string}\"},\"query-input\":{\"@type\":\"PropertyValueSpecification\",\"valueRequired\":true,\"valueName\":\"search_term_string\"}}],\"inLanguage\":\"de\"},{\"@type\":[\"Person\",\"Organization\"],\"@id\":\"https:\\\/\\\/julies-tonkanesen.de\\\/#\\\/schema\\\/person\\\/61bb356f7cca6b52cd1ba45ea9f74ac0\",\"name\":\"Sagitta\",\"image\":{\"@type\":\"ImageObject\",\"inLanguage\":\"de\",\"@id\":\"https:\\\/\\\/julies-tonkanesen.de\\\/wp-content\\\/uploads\\\/2024\\\/02\\\/IMG-20230801-WA00073.jpg\",\"url\":\"https:\\\/\\\/julies-tonkanesen.de\\\/wp-content\\\/uploads\\\/2024\\\/02\\\/IMG-20230801-WA00073.jpg\",\"contentUrl\":\"https:\\\/\\\/julies-tonkanesen.de\\\/wp-content\\\/uploads\\\/2024\\\/02\\\/IMG-20230801-WA00073.jpg\",\"width\":1525,\"height\":1488,\"caption\":\"Sagitta\"},\"logo\":{\"@id\":\"https:\\\/\\\/julies-tonkanesen.de\\\/wp-content\\\/uploads\\\/2024\\\/02\\\/IMG-20230801-WA00073.jpg\"},\"sameAs\":[\"https:\\\/\\\/julies-tonkanesen.de\",\"https:\\\/\\\/www.instagram.com\\\/notre_julie\\\/\",\"https:\\\/\\\/x.com\\\/Julie's Tonkanesen\"]}]}<\/script>\n<!-- \/ Yoast SEO plugin. -->","yoast_head_json":{"title":"Abzugeben - Kitten - Julies Tonkanesen","description":"Julies Tonkanesen die bezaubernden Kitten sind da, liebevolles Zuhause, zum Auszug bereit Ende Mai, 2 Katerchen noch frei","robots":{"index":"index","follow":"follow","max-snippet":"max-snippet:-1","max-image-preview":"max-image-preview:large","max-video-preview":"max-video-preview:-1"},"canonical":"https:\/\/julies-tonkanesen.de\/?page_id=86","og_locale":"de_DE","og_type":"article","og_title":"Abzugeben - Kitten - Julies Tonkanesen","og_description":"Julies Tonkanesen die bezaubernden Kitten sind da, liebevolles Zuhause, zum Auszug bereit Ende Mai, 2 Katerchen noch frei","og_url":"https:\/\/julies-tonkanesen.de\/?page_id=86","og_site_name":"Julies Tonkanesen","article_modified_time":"2026-01-30T13:35:00+00:00","og_image":[{"width":1920,"height":2560,"url":"https:\/\/julies-tonkanesen.de\/wp-content\/uploads\/2024\/02\/IMG_20240214_0924555-scaled.jpg","type":"image\/jpeg"}],"twitter_card":"summary_large_image","twitter_site":"@Tonkanesen","twitter_misc":{"Gesch\u00e4tzte Lesezeit":"3\u00a0Minuten"},"schema":{"@context":"https:\/\/schema.org","@graph":[{"@type":"WebPage","@id":"https:\/\/julies-tonkanesen.de\/?page_id=86","url":"https:\/\/julies-tonkanesen.de\/?page_id=86","name":"Abzugeben - Kitten - Julies Tonkanesen","isPartOf":{"@id":"https:\/\/julies-tonkanesen.de\/#website"},"primaryImageOfPage":{"@id":"https:\/\/julies-tonkanesen.de\/?page_id=86#primaryimage"},"image":{"@id":"https:\/\/julies-tonkanesen.de\/?page_id=86#primaryimage"},"thumbnailUrl":"https:\/\/julies-tonkanesen.de\/wp-content\/uploads\/2024\/02\/IMG_20240214_0924555-768x1024.jpg","datePublished":"2024-02-20T18:19:24+00:00","dateModified":"2026-01-30T13:35:00+00:00","description":"Julies Tonkanesen die bezaubernden Kitten sind da, liebevolles Zuhause, zum Auszug bereit Ende Mai, 2 Katerchen noch frei","breadcrumb":{"@id":"https:\/\/julies-tonkanesen.de\/?page_id=86#breadcrumb"},"inLanguage":"de","potentialAction":[{"@type":"ReadAction","target":["https:\/\/julies-tonkanesen.de\/?page_id=86"]}]},{"@type":"ImageObject","inLanguage":"de","@id":"https:\/\/julies-tonkanesen.de\/?page_id=86#primaryimage","url":"https:\/\/julies-tonkanesen.de\/wp-content\/uploads\/2024\/02\/IMG_20240214_0924555-scaled.jpg","contentUrl":"https:\/\/julies-tonkanesen.de\/wp-content\/uploads\/2024\/02\/IMG_20240214_0924555-scaled.jpg","width":1920,"height":2560,"caption":"Umme von Len\u00e9"},{"@type":"BreadcrumbList","@id":"https:\/\/julies-tonkanesen.de\/?page_id=86#breadcrumb","itemListElement":[{"@type":"ListItem","position":1,"name":"Startseite","item":"https:\/\/julies-tonkanesen.de\/"},{"@type":"ListItem","position":2,"name":"Abzugeben &#8211; Kitten"}]},{"@type":"WebSite","@id":"https:\/\/julies-tonkanesen.de\/#website","url":"https:\/\/julies-tonkanesen.de\/","name":"Julies-Tonkanesen","description":"Katzenzucht","publisher":{"@id":"https:\/\/julies-tonkanesen.de\/#\/schema\/person\/61bb356f7cca6b52cd1ba45ea9f74ac0"},"alternateName":"Zucht","potentialAction":[{"@type":"SearchAction","target":{"@type":"EntryPoint","urlTemplate":"https:\/\/julies-tonkanesen.de\/?s={search_term_string}"},"query-input":{"@type":"PropertyValueSpecification","valueRequired":true,"valueName":"search_term_string"}}],"inLanguage":"de"},{"@type":["Person","Organization"],"@id":"https:\/\/julies-tonkanesen.de\/#\/schema\/person\/61bb356f7cca6b52cd1ba45ea9f74ac0","name":"Sagitta","image":{"@type":"ImageObject","inLanguage":"de","@id":"https:\/\/julies-tonkanesen.de\/wp-content\/uploads\/2024\/02\/IMG-20230801-WA00073.jpg","url":"https:\/\/julies-tonkanesen.de\/wp-content\/uploads\/2024\/02\/IMG-20230801-WA00073.jpg","contentUrl":"https:\/\/julies-tonkanesen.de\/wp-content\/uploads\/2024\/02\/IMG-20230801-WA00073.jpg","width":1525,"height":1488,"caption":"Sagitta"},"logo":{"@id":"https:\/\/julies-tonkanesen.de\/wp-content\/uploads\/2024\/02\/IMG-20230801-WA00073.jpg"},"sameAs":["https:\/\/julies-tonkanesen.de","https:\/\/www.instagram.com\/notre_julie\/","https:\/\/x.com\/Julie's Tonkanesen"]}]}},"_links":{"self":[{"href":"https:\/\/julies-tonkanesen.de\/index.php?rest_route=\/wp\/v2\/pages\/86","targetHints":{"allow":["GET"]}}],"collection":[{"href":"https:\/\/julies-tonkanesen.de\/index.php?rest_route=\/wp\/v2\/pages"}],"about":[{"href":"https:\/\/julies-tonkanesen.de\/index.php?rest_route=\/wp\/v2\/types\/page"}],"author":[{"embeddable":true,"href":"https:\/\/julies-tonkanesen.de\/index.php?rest_route=\/wp\/v2\/users\/1"}],"replies":[{"embeddable":true,"href":"https:\/\/julies-tonkanesen.de\/index.php?rest_route=%2Fwp%2Fv2%2Fcomments&post=86"}],"version-history":[{"count":52,"href":"https:\/\/julies-tonkanesen.de\/index.php?rest_route=\/wp\/v2\/pages\/86\/revisions"}],"predecessor-version":[{"id":349,"href":"https:\/\/julies-tonkanesen.de\/index.php?rest_route=\/wp\/v2\/pages\/86\/revisions\/349"}],"wp:attachment":[{"href":"https:\/\/julies-tonkanesen.de\/index.php?rest_route=%2Fwp%2Fv2%2Fmedia&parent=86"}],"curies":[{"name":"wp","href":"https:\/\/api.w.org\/{rel}","templated":true}]}}