{"id":78,"date":"2024-02-20T11:50:19","date_gmt":"2024-02-20T11:50:19","guid":{"rendered":"https:\/\/julies-tonkanesen.de\/?page_id=78"},"modified":"2026-01-04T19:41:48","modified_gmt":"2026-01-04T19:41:48","slug":"steckbrief-tonkanesen-zucht","status":"publish","type":"page","link":"https:\/\/julies-tonkanesen.de\/?page_id=78","title":{"rendered":"Profil"},"content":{"rendered":"\n<p><\/p>\n\n\n\n<p><strong>Erscheinungsbild:<\/strong> <\/p>\n\n\n\n<details class=\"wp-block-details is-layout-flow wp-block-details-is-layout-flow\"><summary>schlank und elegant<\/summary>\n<p><\/p>\n<\/details>\n\n\n\n<p><strong>Gr\u00f6\u00dfe\/ Gewicht: <\/strong><\/p>\n\n\n\n<details class=\"wp-block-details is-layout-flow wp-block-details-is-layout-flow\"><summary>m 4-5 kg und f 3-4 kg<\/summary>\n<p><\/p>\n<\/details>\n\n\n\n<p><strong>Fell (Struktur und L\u00e4nge): <\/strong><\/p>\n\n\n\n<details class=\"wp-block-details is-layout-flow wp-block-details-is-layout-flow\"><summary>kurz, enganliegend und seidig weich. <br> Tonkanesen haaren \u00e4u\u00dferst wenig &#8211; sie sind jedoch KEINE Allergiker-Katzen!<\/summary>\n<p>klassische Farben: brown, chocolate, blue und lilac  <\/p>\n\n\n\n<details class=\"wp-block-details is-layout-flow wp-block-details-is-layout-flow\"><summary>Details<\/summary>\n<p><\/p>\n<\/details>\n<\/details>\n\n\n\n<p><strong>Zeichnung: <\/strong>folgende Masken-Auspr\u00e4gungen sind m\u00f6glich:<\/p>\n\n\n\n<details class=\"wp-block-details is-layout-flow wp-block-details-is-layout-flow\"><summary>POINT: sehr deutliche Maske, wie bei Siam\/ trad. Thai , Augenfarbe blau<br><\/summary>\n<p><\/p>\n<\/details>\n\n\n\n<details class=\"wp-block-details is-layout-flow wp-block-details-is-layout-flow\"><summary>SEPIA: schwacher Maskenkontrast, vgl. Burmakatze, Augenfarbe gr\u00fcn<br><\/summary>\n<p><\/p>\n<\/details>\n\n\n\n<details class=\"wp-block-details is-layout-flow wp-block-details-is-layout-flow\"><summary>MINK: moderate, mittlere Maskenpr\u00e4gung, Augenfarbe aquamarin<br><br><\/summary>\n<p><\/p>\n<\/details>\n\n\n\n<p>Hinweis: Tonkanesen haben ein extrem <strong>sozialbezogenes<\/strong> Wesen. Freigang ist nicht erforderlich. Vielmehr wird man ihren Bed\u00fcrfnissen damit gerecht, ausgiebig mit ihnen zu schmusen und ihnen einen tierischen Freund zum Kuscheln und Toben zur Seite zu stellen. Sie haben gutes Temperament und eignen sich daher weniger zu einer Vergesellschaftung mit den ruhigeren Rassen wie Perser, Heilige Birma oder BKH.<\/p>\n\n\n\n<p><\/p>\n","protected":false},"excerpt":{"rendered":"<p>Erscheinungsbild: Gr\u00f6\u00dfe\/ Gewicht: Fell (Struktur und L\u00e4nge): Zeichnung: folgende Masken-Auspr\u00e4gungen sind m\u00f6glich: Hinweis: Tonkanesen haben ein extrem sozialbezogenes Wesen. Freigang ist nicht erforderlich. Vielmehr wird man ihren Bed\u00fcrfnissen damit gerecht, ausgiebig mit ihnen zu schmusen und ihnen einen tierischen Freund zum Kuscheln und Toben zur Seite zu stellen. Sie haben gutes Temperament und eignen sich [&hellip;]<\/p>\n","protected":false},"author":1,"featured_media":0,"parent":0,"menu_order":0,"comment_status":"closed","ping_status":"closed","template":"","meta":{"footnotes":""},"class_list":["post-78","page","type-page","status-publish","hentry"],"yoast_head":"<!-- This site is optimized with the Yoast SEO plugin v27.4 - https:\/\/yoast.com\/product\/yoast-seo-wordpress\/ -->\n<title>Profil - Julies Tonkanesen<\/title>\n<meta name=\"description\" content=\"Julies Tonkanesen Katzenzucht, Kitten, MV, Hamburg, Kurzhaar, elegante Katzenrasse, Vereinszucht, KFND e.V., Profil, Steckbrief\" \/>\n<meta name=\"robots\" content=\"index, follow, max-snippet:-1, max-image-preview:large, max-video-preview:-1\" \/>\n<link rel=\"canonical\" href=\"https:\/\/julies-tonkanesen.de\/?page_id=78\" \/>\n<meta property=\"og:locale\" content=\"de_DE\" \/>\n<meta property=\"og:type\" content=\"article\" \/>\n<meta property=\"og:title\" content=\"Profil - Julies Tonkanesen\" \/>\n<meta property=\"og:description\" content=\"Julies Tonkanesen Katzenzucht, Kitten, MV, Hamburg, Kurzhaar, elegante Katzenrasse, Vereinszucht, KFND e.V., Profil, Steckbrief\" \/>\n<meta property=\"og:url\" content=\"https:\/\/julies-tonkanesen.de\/?page_id=78\" \/>\n<meta property=\"og:site_name\" content=\"Julies Tonkanesen\" \/>\n<meta property=\"article:modified_time\" content=\"2026-01-04T19:41:48+00:00\" \/>\n<meta property=\"og:image\" content=\"https:\/\/julies-tonkanesen.de\/wp-content\/uploads\/2024\/03\/cropped-7.jpg\" \/>\n\t<meta property=\"og:image:width\" content=\"512\" \/>\n\t<meta property=\"og:image:height\" content=\"512\" \/>\n\t<meta property=\"og:image:type\" content=\"image\/jpeg\" \/>\n<meta name=\"twitter:card\" content=\"summary_large_image\" \/>\n<meta name=\"twitter:site\" content=\"@Tonkanesen\" \/>\n<meta name=\"twitter:label1\" content=\"Gesch\u00e4tzte Lesezeit\" \/>\n\t<meta name=\"twitter:data1\" content=\"1\u00a0Minute\" \/>\n<script type=\"application\/ld+json\" class=\"yoast-schema-graph\">{\"@context\":\"https:\\\/\\\/schema.org\",\"@graph\":[{\"@type\":\"WebPage\",\"@id\":\"https:\\\/\\\/julies-tonkanesen.de\\\/?page_id=78\",\"url\":\"https:\\\/\\\/julies-tonkanesen.de\\\/?page_id=78\",\"name\":\"Profil - Julies Tonkanesen\",\"isPartOf\":{\"@id\":\"https:\\\/\\\/julies-tonkanesen.de\\\/#website\"},\"datePublished\":\"2024-02-20T11:50:19+00:00\",\"dateModified\":\"2026-01-04T19:41:48+00:00\",\"description\":\"Julies Tonkanesen Katzenzucht, Kitten, MV, Hamburg, Kurzhaar, elegante Katzenrasse, Vereinszucht, KFND e.V., Profil, Steckbrief\",\"breadcrumb\":{\"@id\":\"https:\\\/\\\/julies-tonkanesen.de\\\/?page_id=78#breadcrumb\"},\"inLanguage\":\"de\",\"potentialAction\":[{\"@type\":\"ReadAction\",\"target\":[\"https:\\\/\\\/julies-tonkanesen.de\\\/?page_id=78\"]}]},{\"@type\":\"BreadcrumbList\",\"@id\":\"https:\\\/\\\/julies-tonkanesen.de\\\/?page_id=78#breadcrumb\",\"itemListElement\":[{\"@type\":\"ListItem\",\"position\":1,\"name\":\"Startseite\",\"item\":\"https:\\\/\\\/julies-tonkanesen.de\\\/\"},{\"@type\":\"ListItem\",\"position\":2,\"name\":\"Profil\"}]},{\"@type\":\"WebSite\",\"@id\":\"https:\\\/\\\/julies-tonkanesen.de\\\/#website\",\"url\":\"https:\\\/\\\/julies-tonkanesen.de\\\/\",\"name\":\"Julies-Tonkanesen\",\"description\":\"Katzenzucht\",\"publisher\":{\"@id\":\"https:\\\/\\\/julies-tonkanesen.de\\\/#\\\/schema\\\/person\\\/61bb356f7cca6b52cd1ba45ea9f74ac0\"},\"alternateName\":\"Zucht\",\"potentialAction\":[{\"@type\":\"SearchAction\",\"target\":{\"@type\":\"EntryPoint\",\"urlTemplate\":\"https:\\\/\\\/julies-tonkanesen.de\\\/?s={search_term_string}\"},\"query-input\":{\"@type\":\"PropertyValueSpecification\",\"valueRequired\":true,\"valueName\":\"search_term_string\"}}],\"inLanguage\":\"de\"},{\"@type\":[\"Person\",\"Organization\"],\"@id\":\"https:\\\/\\\/julies-tonkanesen.de\\\/#\\\/schema\\\/person\\\/61bb356f7cca6b52cd1ba45ea9f74ac0\",\"name\":\"Sagitta\",\"image\":{\"@type\":\"ImageObject\",\"inLanguage\":\"de\",\"@id\":\"https:\\\/\\\/julies-tonkanesen.de\\\/wp-content\\\/uploads\\\/2024\\\/02\\\/IMG-20230801-WA00073.jpg\",\"url\":\"https:\\\/\\\/julies-tonkanesen.de\\\/wp-content\\\/uploads\\\/2024\\\/02\\\/IMG-20230801-WA00073.jpg\",\"contentUrl\":\"https:\\\/\\\/julies-tonkanesen.de\\\/wp-content\\\/uploads\\\/2024\\\/02\\\/IMG-20230801-WA00073.jpg\",\"width\":1525,\"height\":1488,\"caption\":\"Sagitta\"},\"logo\":{\"@id\":\"https:\\\/\\\/julies-tonkanesen.de\\\/wp-content\\\/uploads\\\/2024\\\/02\\\/IMG-20230801-WA00073.jpg\"},\"sameAs\":[\"https:\\\/\\\/julies-tonkanesen.de\",\"https:\\\/\\\/www.instagram.com\\\/notre_julie\\\/\",\"https:\\\/\\\/x.com\\\/Julie's Tonkanesen\"]}]}<\/script>\n<!-- \/ Yoast SEO plugin. -->","yoast_head_json":{"title":"Profil - Julies Tonkanesen","description":"Julies Tonkanesen Katzenzucht, Kitten, MV, Hamburg, Kurzhaar, elegante Katzenrasse, Vereinszucht, KFND e.V., Profil, Steckbrief","robots":{"index":"index","follow":"follow","max-snippet":"max-snippet:-1","max-image-preview":"max-image-preview:large","max-video-preview":"max-video-preview:-1"},"canonical":"https:\/\/julies-tonkanesen.de\/?page_id=78","og_locale":"de_DE","og_type":"article","og_title":"Profil - Julies Tonkanesen","og_description":"Julies Tonkanesen Katzenzucht, Kitten, MV, Hamburg, Kurzhaar, elegante Katzenrasse, Vereinszucht, KFND e.V., Profil, Steckbrief","og_url":"https:\/\/julies-tonkanesen.de\/?page_id=78","og_site_name":"Julies Tonkanesen","article_modified_time":"2026-01-04T19:41:48+00:00","og_image":[{"width":512,"height":512,"url":"https:\/\/julies-tonkanesen.de\/wp-content\/uploads\/2024\/03\/cropped-7.jpg","type":"image\/jpeg"}],"twitter_card":"summary_large_image","twitter_site":"@Tonkanesen","twitter_misc":{"Gesch\u00e4tzte Lesezeit":"1\u00a0Minute"},"schema":{"@context":"https:\/\/schema.org","@graph":[{"@type":"WebPage","@id":"https:\/\/julies-tonkanesen.de\/?page_id=78","url":"https:\/\/julies-tonkanesen.de\/?page_id=78","name":"Profil - Julies Tonkanesen","isPartOf":{"@id":"https:\/\/julies-tonkanesen.de\/#website"},"datePublished":"2024-02-20T11:50:19+00:00","dateModified":"2026-01-04T19:41:48+00:00","description":"Julies Tonkanesen Katzenzucht, Kitten, MV, Hamburg, Kurzhaar, elegante Katzenrasse, Vereinszucht, KFND e.V., Profil, Steckbrief","breadcrumb":{"@id":"https:\/\/julies-tonkanesen.de\/?page_id=78#breadcrumb"},"inLanguage":"de","potentialAction":[{"@type":"ReadAction","target":["https:\/\/julies-tonkanesen.de\/?page_id=78"]}]},{"@type":"BreadcrumbList","@id":"https:\/\/julies-tonkanesen.de\/?page_id=78#breadcrumb","itemListElement":[{"@type":"ListItem","position":1,"name":"Startseite","item":"https:\/\/julies-tonkanesen.de\/"},{"@type":"ListItem","position":2,"name":"Profil"}]},{"@type":"WebSite","@id":"https:\/\/julies-tonkanesen.de\/#website","url":"https:\/\/julies-tonkanesen.de\/","name":"Julies-Tonkanesen","description":"Katzenzucht","publisher":{"@id":"https:\/\/julies-tonkanesen.de\/#\/schema\/person\/61bb356f7cca6b52cd1ba45ea9f74ac0"},"alternateName":"Zucht","potentialAction":[{"@type":"SearchAction","target":{"@type":"EntryPoint","urlTemplate":"https:\/\/julies-tonkanesen.de\/?s={search_term_string}"},"query-input":{"@type":"PropertyValueSpecification","valueRequired":true,"valueName":"search_term_string"}}],"inLanguage":"de"},{"@type":["Person","Organization"],"@id":"https:\/\/julies-tonkanesen.de\/#\/schema\/person\/61bb356f7cca6b52cd1ba45ea9f74ac0","name":"Sagitta","image":{"@type":"ImageObject","inLanguage":"de","@id":"https:\/\/julies-tonkanesen.de\/wp-content\/uploads\/2024\/02\/IMG-20230801-WA00073.jpg","url":"https:\/\/julies-tonkanesen.de\/wp-content\/uploads\/2024\/02\/IMG-20230801-WA00073.jpg","contentUrl":"https:\/\/julies-tonkanesen.de\/wp-content\/uploads\/2024\/02\/IMG-20230801-WA00073.jpg","width":1525,"height":1488,"caption":"Sagitta"},"logo":{"@id":"https:\/\/julies-tonkanesen.de\/wp-content\/uploads\/2024\/02\/IMG-20230801-WA00073.jpg"},"sameAs":["https:\/\/julies-tonkanesen.de","https:\/\/www.instagram.com\/notre_julie\/","https:\/\/x.com\/Julie's Tonkanesen"]}]}},"_links":{"self":[{"href":"https:\/\/julies-tonkanesen.de\/index.php?rest_route=\/wp\/v2\/pages\/78","targetHints":{"allow":["GET"]}}],"collection":[{"href":"https:\/\/julies-tonkanesen.de\/index.php?rest_route=\/wp\/v2\/pages"}],"about":[{"href":"https:\/\/julies-tonkanesen.de\/index.php?rest_route=\/wp\/v2\/types\/page"}],"author":[{"embeddable":true,"href":"https:\/\/julies-tonkanesen.de\/index.php?rest_route=\/wp\/v2\/users\/1"}],"replies":[{"embeddable":true,"href":"https:\/\/julies-tonkanesen.de\/index.php?rest_route=%2Fwp%2Fv2%2Fcomments&post=78"}],"version-history":[{"count":12,"href":"https:\/\/julies-tonkanesen.de\/index.php?rest_route=\/wp\/v2\/pages\/78\/revisions"}],"predecessor-version":[{"id":339,"href":"https:\/\/julies-tonkanesen.de\/index.php?rest_route=\/wp\/v2\/pages\/78\/revisions\/339"}],"wp:attachment":[{"href":"https:\/\/julies-tonkanesen.de\/index.php?rest_route=%2Fwp%2Fv2%2Fmedia&parent=78"}],"curies":[{"name":"wp","href":"https:\/\/api.w.org\/{rel}","templated":true}]}}